{"id":230,"date":"2023-06-25T14:32:54","date_gmt":"2023-06-25T14:32:54","guid":{"rendered":"https:\/\/medicus99.pl\/?page_id=230"},"modified":"2025-09-28T18:54:07","modified_gmt":"2025-09-28T18:54:07","slug":"kardiologiczna","status":"publish","type":"page","link":"https:\/\/medicus99.pl\/index.php\/kardiologiczna\/","title":{"rendered":"Kardiologiczna"},"content":{"rendered":"\t\t<div data-elementor-type=\"wp-page\" data-elementor-id=\"230\" class=\"elementor elementor-230\">\n\t\t\t\t\t\t<section class=\"elementor-section elementor-top-section elementor-element elementor-element-21c3db73 elementor-section-stretched elementor-section-height-min-height elementor-section-boxed elementor-section-height-default elementor-section-items-middle\" data-id=\"21c3db73\" data-element_type=\"section\" data-settings=\"{&quot;stretch_section&quot;:&quot;section-stretched&quot;,&quot;background_background&quot;:&quot;classic&quot;}\">\n\t\t\t\t\t\t<div class=\"elementor-container elementor-column-gap-default\">\n\t\t\t\t\t<div class=\"elementor-column elementor-col-100 elementor-top-column elementor-element elementor-element-7a9f5013\" data-id=\"7a9f5013\" data-element_type=\"column\">\n\t\t\t<div class=\"elementor-widget-wrap elementor-element-populated\">\n\t\t\t\t\t\t<section class=\"elementor-section elementor-inner-section elementor-element elementor-element-6893a577 elementor-section-boxed elementor-section-height-default elementor-section-height-default\" data-id=\"6893a577\" data-element_type=\"section\">\n\t\t\t\t\t\t<div class=\"elementor-container elementor-column-gap-default\">\n\t\t\t\t\t<div class=\"elementor-column elementor-col-100 elementor-inner-column elementor-element elementor-element-63e11418\" data-id=\"63e11418\" data-element_type=\"column\">\n\t\t\t<div class=\"elementor-widget-wrap elementor-element-populated\">\n\t\t\t\t\t\t<div class=\"elementor-element elementor-element-71e5e169 elementor-invisible elementor-widget elementor-widget-heading\" data-id=\"71e5e169\" data-element_type=\"widget\" data-settings=\"{&quot;_animation&quot;:&quot;fadeInUp&quot;}\" data-widget_type=\"heading.default\">\n\t\t\t\t<div class=\"elementor-widget-container\">\n\t\t\t<style>\/*! elementor - v3.19.0 - 07-02-2024 *\/\n.elementor-heading-title{padding:0;margin:0;line-height:1}.elementor-widget-heading .elementor-heading-title[class*=elementor-size-]>a{color:inherit;font-size:inherit;line-height:inherit}.elementor-widget-heading .elementor-heading-title.elementor-size-small{font-size:15px}.elementor-widget-heading .elementor-heading-title.elementor-size-medium{font-size:19px}.elementor-widget-heading .elementor-heading-title.elementor-size-large{font-size:29px}.elementor-widget-heading .elementor-heading-title.elementor-size-xl{font-size:39px}.elementor-widget-heading .elementor-heading-title.elementor-size-xxl{font-size:59px}<\/style><h2 class=\"elementor-heading-title elementor-size-default\">Poradnia Kardiologiczna<\/h2>\t\t<\/div>\n\t\t\t\t<\/div>\n\t\t\t\t\t<\/div>\n\t\t<\/div>\n\t\t\t\t\t<\/div>\n\t\t<\/section>\n\t\t\t\t\t<\/div>\n\t\t<\/div>\n\t\t\t\t\t<\/div>\n\t\t<\/section>\n\t\t\t\t<section class=\"elementor-section elementor-top-section elementor-element elementor-element-3a4858c3 elementor-section-stretched elementor-section-boxed elementor-section-height-default elementor-section-height-default\" data-id=\"3a4858c3\" data-element_type=\"section\" data-settings=\"{&quot;stretch_section&quot;:&quot;section-stretched&quot;,&quot;background_background&quot;:&quot;classic&quot;}\">\n\t\t\t\t\t\t<div class=\"elementor-container elementor-column-gap-default\">\n\t\t\t\t\t<div class=\"elementor-column elementor-col-50 elementor-top-column elementor-element elementor-element-707e48d8\" data-id=\"707e48d8\" data-element_type=\"column\">\n\t\t\t<div class=\"elementor-widget-wrap elementor-element-populated\">\n\t\t\t\t\t\t<section class=\"elementor-section elementor-inner-section elementor-element elementor-element-5e5d5e6b elementor-section-boxed elementor-section-height-default elementor-section-height-default\" data-id=\"5e5d5e6b\" data-element_type=\"section\">\n\t\t\t\t\t\t<div class=\"elementor-container elementor-column-gap-default\">\n\t\t\t\t\t<div class=\"elementor-column elementor-col-100 elementor-inner-column elementor-element elementor-element-1b835cd0\" data-id=\"1b835cd0\" data-element_type=\"column\">\n\t\t\t<div class=\"elementor-widget-wrap elementor-element-populated\">\n\t\t\t\t\t\t<div class=\"elementor-element elementor-element-30d397f8 elementor-invisible elementor-widget elementor-widget-heading\" data-id=\"30d397f8\" data-element_type=\"widget\" data-settings=\"{&quot;_animation&quot;:&quot;fadeInUp&quot;}\" data-widget_type=\"heading.default\">\n\t\t\t\t<div class=\"elementor-widget-container\">\n\t\t\t<h2 class=\"elementor-heading-title elementor-size-default\">Beata Mr\u00f3zek-Osinka<\/h2>\t\t<\/div>\n\t\t\t\t<\/div>\n\t\t\t\t<div class=\"elementor-element elementor-element-404e2fba elementor-invisible elementor-widget elementor-widget-heading\" data-id=\"404e2fba\" data-element_type=\"widget\" data-settings=\"{&quot;_animation&quot;:&quot;fadeInUp&quot;}\" data-widget_type=\"heading.default\">\n\t\t\t\t<div class=\"elementor-widget-container\">\n\t\t\t<span class=\"elementor-heading-title elementor-size-default\">lek. med. spec. kardiolog, spec. chor\u00f3b wewn\u0119trznych<\/span>\t\t<\/div>\n\t\t\t\t<\/div>\n\t\t\t\t<div class=\"elementor-element elementor-element-3eb3a1d3 elementor-align-center elementor-mobile-align-center elementor-widget elementor-widget-button\" data-id=\"3eb3a1d3\" data-element_type=\"widget\" data-widget_type=\"button.default\">\n\t\t\t\t<div class=\"elementor-widget-container\">\n\t\t\t\t\t<div class=\"elementor-button-wrapper\">\n\t\t\t<a class=\"elementor-button elementor-button-link elementor-size-sm\" href=\"https:\/\/medicus99.pl\/index.php\/rejestracja-b\/\">\n\t\t\t\t\t\t<span class=\"elementor-button-content-wrapper\">\n\t\t\t\t\t\t<span class=\"elementor-button-text\">Um\u00f3w wizyt\u0119 - Jastrz\u0119bie-Zdr\u00f3j<\/span>\n\t\t<\/span>\n\t\t\t\t\t<\/a>\n\t\t<\/div>\n\t\t\t\t<\/div>\n\t\t\t\t<\/div>\n\t\t\t\t\t<\/div>\n\t\t<\/div>\n\t\t\t\t\t<\/div>\n\t\t<\/section>\n\t\t\t\t<section class=\"elementor-section elementor-inner-section elementor-element elementor-element-56870a8 elementor-section-boxed elementor-section-height-default elementor-section-height-default\" data-id=\"56870a8\" data-element_type=\"section\">\n\t\t\t\t\t\t<div class=\"elementor-container elementor-column-gap-default\">\n\t\t\t\t\t<div class=\"elementor-column elementor-col-100 elementor-inner-column elementor-element elementor-element-4740f6b7\" data-id=\"4740f6b7\" data-element_type=\"column\">\n\t\t\t<div class=\"elementor-widget-wrap elementor-element-populated\">\n\t\t\t\t\t\t<div class=\"elementor-element elementor-element-76fbbf21 elementor-invisible elementor-widget elementor-widget-heading\" data-id=\"76fbbf21\" data-element_type=\"widget\" data-settings=\"{&quot;_animation&quot;:&quot;fadeInUp&quot;}\" data-widget_type=\"heading.default\">\n\t\t\t\t<div class=\"elementor-widget-container\">\n\t\t\t<h2 class=\"elementor-heading-title elementor-size-default\">Grzegorz Ko\u0142oczek<\/h2>\t\t<\/div>\n\t\t\t\t<\/div>\n\t\t\t\t<div class=\"elementor-element elementor-element-1bf632e3 elementor-invisible elementor-widget elementor-widget-heading\" data-id=\"1bf632e3\" data-element_type=\"widget\" data-settings=\"{&quot;_animation&quot;:&quot;fadeInUp&quot;}\" data-widget_type=\"heading.default\">\n\t\t\t\t<div class=\"elementor-widget-container\">\n\t\t\t<span class=\"elementor-heading-title elementor-size-default\">lek. med. spec. kardiolog, spec. chor\u00f3b wewn\u0119trznych<\/span>\t\t<\/div>\n\t\t\t\t<\/div>\n\t\t\t\t<div class=\"elementor-element elementor-element-df9a9be elementor-align-center elementor-mobile-align-center elementor-widget elementor-widget-button\" data-id=\"df9a9be\" data-element_type=\"widget\" data-widget_type=\"button.default\">\n\t\t\t\t<div class=\"elementor-widget-container\">\n\t\t\t\t\t<div class=\"elementor-button-wrapper\">\n\t\t\t<a class=\"elementor-button elementor-button-link elementor-size-sm\" href=\"https:\/\/medicus99.pl\/index.php\/rejestracja-b\/\">\n\t\t\t\t\t\t<span class=\"elementor-button-content-wrapper\">\n\t\t\t\t\t\t<span class=\"elementor-button-text\">Um\u00f3w wizyt\u0119 - Jastrz\u0119bie-Zdr\u00f3j<\/span>\n\t\t<\/span>\n\t\t\t\t\t<\/a>\n\t\t<\/div>\n\t\t\t\t<\/div>\n\t\t\t\t<\/div>\n\t\t\t\t\t<\/div>\n\t\t<\/div>\n\t\t\t\t\t<\/div>\n\t\t<\/section>\n\t\t\t\t<section class=\"elementor-section elementor-inner-section elementor-element elementor-element-3dcd0464 elementor-section-boxed elementor-section-height-default elementor-section-height-default\" data-id=\"3dcd0464\" data-element_type=\"section\">\n\t\t\t\t\t\t<div class=\"elementor-container elementor-column-gap-default\">\n\t\t\t\t\t<div class=\"elementor-column elementor-col-100 elementor-inner-column elementor-element elementor-element-567da8ab\" data-id=\"567da8ab\" data-element_type=\"column\">\n\t\t\t<div class=\"elementor-widget-wrap elementor-element-populated\">\n\t\t\t\t\t\t<div class=\"elementor-element elementor-element-5545f474 elementor-invisible elementor-widget elementor-widget-heading\" data-id=\"5545f474\" data-element_type=\"widget\" data-settings=\"{&quot;_animation&quot;:&quot;fadeInUp&quot;}\" data-widget_type=\"heading.default\">\n\t\t\t\t<div class=\"elementor-widget-container\">\n\t\t\t<h2 class=\"elementor-heading-title elementor-size-default\">Rafa\u0142 Wojnar<\/h2>\t\t<\/div>\n\t\t\t\t<\/div>\n\t\t\t\t<div class=\"elementor-element elementor-element-22a40337 elementor-invisible elementor-widget elementor-widget-heading\" data-id=\"22a40337\" data-element_type=\"widget\" data-settings=\"{&quot;_animation&quot;:&quot;fadeInUp&quot;}\" data-widget_type=\"heading.default\">\n\t\t\t\t<div class=\"elementor-widget-container\">\n\t\t\t<span class=\"elementor-heading-title elementor-size-default\">dr n. med. kardiolog, spec. chor\u00f3b wewn\u0119trznych<\/span>\t\t<\/div>\n\t\t\t\t<\/div>\n\t\t\t\t<div class=\"elementor-element elementor-element-6081d78 elementor-align-center elementor-mobile-align-center elementor-widget elementor-widget-button\" data-id=\"6081d78\" data-element_type=\"widget\" data-widget_type=\"button.default\">\n\t\t\t\t<div class=\"elementor-widget-container\">\n\t\t\t\t\t<div class=\"elementor-button-wrapper\">\n\t\t\t<a class=\"elementor-button elementor-button-link elementor-size-sm\" href=\"https:\/\/medicus99.pl\/index.php\/rejestracja-b\/\">\n\t\t\t\t\t\t<span class=\"elementor-button-content-wrapper\">\n\t\t\t\t\t\t<span class=\"elementor-button-text\">Um\u00f3w wizyt\u0119 - Jastrz\u0119bie-Zdr\u00f3j<\/span>\n\t\t<\/span>\n\t\t\t\t\t<\/a>\n\t\t<\/div>\n\t\t\t\t<\/div>\n\t\t\t\t<\/div>\n\t\t\t\t\t<\/div>\n\t\t<\/div>\n\t\t\t\t\t<\/div>\n\t\t<\/section>\n\t\t\t\t<section class=\"elementor-section elementor-inner-section elementor-element elementor-element-811243f elementor-section-boxed elementor-section-height-default elementor-section-height-default\" data-id=\"811243f\" data-element_type=\"section\">\n\t\t\t\t\t\t<div class=\"elementor-container elementor-column-gap-default\">\n\t\t\t\t\t<div class=\"elementor-column elementor-col-100 elementor-inner-column elementor-element elementor-element-d756cbd\" data-id=\"d756cbd\" data-element_type=\"column\">\n\t\t\t<div class=\"elementor-widget-wrap elementor-element-populated\">\n\t\t\t\t\t\t<div class=\"elementor-element elementor-element-ed32061 elementor-invisible elementor-widget elementor-widget-heading\" data-id=\"ed32061\" data-element_type=\"widget\" data-settings=\"{&quot;_animation&quot;:&quot;fadeInUp&quot;}\" data-widget_type=\"heading.default\">\n\t\t\t\t<div class=\"elementor-widget-container\">\n\t\t\t<h2 class=\"elementor-heading-title elementor-size-default\">Monika Makowiec-Zborowska<\/h2>\t\t<\/div>\n\t\t\t\t<\/div>\n\t\t\t\t<div class=\"elementor-element elementor-element-09d6ba6 elementor-invisible elementor-widget elementor-widget-heading\" data-id=\"09d6ba6\" data-element_type=\"widget\" data-settings=\"{&quot;_animation&quot;:&quot;fadeInUp&quot;}\" data-widget_type=\"heading.default\">\n\t\t\t\t<div class=\"elementor-widget-container\">\n\t\t\t<span class=\"elementor-heading-title elementor-size-default\">lek. med. spec. kardiolog, spec. chor\u00f3b wewn\u0119trznych<\/span>\t\t<\/div>\n\t\t\t\t<\/div>\n\t\t\t\t<div class=\"elementor-element elementor-element-557d812 elementor-align-center elementor-mobile-align-center elementor-widget elementor-widget-button\" data-id=\"557d812\" data-element_type=\"widget\" data-widget_type=\"button.default\">\n\t\t\t\t<div class=\"elementor-widget-container\">\n\t\t\t\t\t<div class=\"elementor-button-wrapper\">\n\t\t\t<a class=\"elementor-button elementor-button-link elementor-size-sm\" href=\"https:\/\/medicus99.pl\/index.php\/rejestracja-b\/\">\n\t\t\t\t\t\t<span class=\"elementor-button-content-wrapper\">\n\t\t\t\t\t\t<span class=\"elementor-button-text\">Um\u00f3w wizyt\u0119 - Jastrz\u0119bie-Zdr\u00f3j<\/span>\n\t\t<\/span>\n\t\t\t\t\t<\/a>\n\t\t<\/div>\n\t\t\t\t<\/div>\n\t\t\t\t<\/div>\n\t\t\t\t\t<\/div>\n\t\t<\/div>\n\t\t\t\t\t<\/div>\n\t\t<\/section>\n\t\t\t\t\t<\/div>\n\t\t<\/div>\n\t\t\t\t<div class=\"elementor-column elementor-col-50 elementor-top-column elementor-element elementor-element-75d5a665\" data-id=\"75d5a665\" data-element_type=\"column\">\n\t\t\t<div class=\"elementor-widget-wrap elementor-element-populated\">\n\t\t\t\t\t\t<section class=\"elementor-section elementor-inner-section elementor-element elementor-element-7c7e077d elementor-section-boxed elementor-section-height-default elementor-section-height-default\" data-id=\"7c7e077d\" data-element_type=\"section\">\n\t\t\t\t\t\t<div class=\"elementor-container elementor-column-gap-default\">\n\t\t\t\t\t<div class=\"elementor-column elementor-col-100 elementor-inner-column elementor-element elementor-element-7ab2b0c6\" data-id=\"7ab2b0c6\" data-element_type=\"column\">\n\t\t\t<div class=\"elementor-widget-wrap elementor-element-populated\">\n\t\t\t\t\t\t<div class=\"elementor-element elementor-element-2a47291 elementor-invisible elementor-widget elementor-widget-text-editor\" data-id=\"2a47291\" data-element_type=\"widget\" data-settings=\"{&quot;_animation&quot;:&quot;fadeInUp&quot;}\" data-widget_type=\"text-editor.default\">\n\t\t\t\t<div class=\"elementor-widget-container\">\n\t\t\t<style>\/*! elementor - v3.19.0 - 07-02-2024 *\/\n.elementor-widget-text-editor.elementor-drop-cap-view-stacked .elementor-drop-cap{background-color:#69727d;color:#fff}.elementor-widget-text-editor.elementor-drop-cap-view-framed .elementor-drop-cap{color:#69727d;border:3px solid;background-color:transparent}.elementor-widget-text-editor:not(.elementor-drop-cap-view-default) .elementor-drop-cap{margin-top:8px}.elementor-widget-text-editor:not(.elementor-drop-cap-view-default) .elementor-drop-cap-letter{width:1em;height:1em}.elementor-widget-text-editor .elementor-drop-cap{float:left;text-align:center;line-height:1;font-size:50px}.elementor-widget-text-editor .elementor-drop-cap-letter{display:inline-block}<\/style>\t\t\t\t<ul><li>porady i konsultacje,<\/li><li>EKG,<\/li><li>EKG wysi\u0142kowe,<\/li><li>UKG (USG serca) &#8211; kolorowy doppler,<\/li><li>badania holterowskie,<\/li><li>24-h automatyczne badanie ci\u015bnienia krwi,<\/li><li>badania spirometryczne<\/li><li style=\"padding-left: 13px; font-weight: 400; font-style: normal; font-size: 13px; font-family: Arial, 'Arial Unicode MS', Helvetica, sans-serif; text-align: left; color: #141414; overflow: visible hidden; font-variant-ligatures: normal; font-variant-caps: normal;\">\u00a0<\/li><\/ul>\t\t\t\t\t\t<\/div>\n\t\t\t\t<\/div>\n\t\t\t\t<div class=\"elementor-element elementor-element-775abaa0 elementor-widget__width-initial elementor-invisible elementor-widget elementor-widget-text-editor\" data-id=\"775abaa0\" data-element_type=\"widget\" data-settings=\"{&quot;_animation&quot;:&quot;fadeInUp&quot;}\" data-widget_type=\"text-editor.default\">\n\t\t\t\t<div class=\"elementor-widget-container\">\n\t\t\t\t\t\t\t<h4>Poradnia czynna\u00a0<\/h4><h3>Beata Mr\u00f3zek-Osinka<\/h3><h4>W ramach NFZ<\/h4><h4>Poniedzia\u0142ek 15:30 &#8211; 20:00 Wtorek, Czwartek, Pi\u0105tek 8:00 &#8211; 13:00<\/h4><h4>Wizyty komerycjne<\/h4><h4>Poniedzia\u0142ek, \u015aroda 8:00 &#8211; 14:00<\/h4><h4>Wtorek, Czwartek, Pi\u0105tek 13:00 &#8211; 14:00<\/h4><h4>\u00a0<\/h4><h3>Grzegorz Ko\u0142oczek<\/h3><h4>Wizyty w ramach NFZ<\/h4><h4>\u015aroda 7:00 &#8211; 14:00<\/h4><h4>Wizyty komercyjne<\/h4><h4>Poniedzia\u0142ek, Wtorek 8:00 &#8211; 14:00\u00a0<\/h4><h4>Czwartek 15:00 &#8211; 19:00<\/h4><h4>\u00a0<\/h4><h3>Rafa\u0142 Wojnar\u00a0<\/h3><h4>Wizyty komercyjne<\/h4><h4>\u015aroda 16:00 &#8211; 19:00<\/h4><h4>\u00a0<\/h4><h3>Monika Makowiec-Zborowska\u00a0<\/h3><h4>Wizyty komercyjne<\/h4><h4>Sobota 8:00 &#8211; 13:00<\/h4><h4>\u00a0<\/h4><h4>\u00a0<\/h4>\t\t\t\t\t\t<\/div>\n\t\t\t\t<\/div>\n\t\t\t\t\t<\/div>\n\t\t<\/div>\n\t\t\t\t\t<\/div>\n\t\t<\/section>\n\t\t\t\t\t<\/div>\n\t\t<\/div>\n\t\t\t\t\t<\/div>\n\t\t<\/section>\n\t\t\t\t<\/div>\n\t\t","protected":false},"excerpt":{"rendered":"<p>Poradnia Kardiologiczna Beata Mr\u00f3zek-Osinka lek. med. spec. kardiolog, spec. chor\u00f3b wewn\u0119trznych Um\u00f3w wizyt\u0119 &#8211; Jastrz\u0119bie-Zdr\u00f3j Grzegorz Ko\u0142oczek lek. med. spec. kardiolog, spec. chor\u00f3b wewn\u0119trznych Um\u00f3w wizyt\u0119 &#8211; Jastrz\u0119bie-Zdr\u00f3j Rafa\u0142 Wojnar dr n. med. kardiolog, spec. chor\u00f3b wewn\u0119trznych Um\u00f3w wizyt\u0119 &#8211; Jastrz\u0119bie-Zdr\u00f3j Monika Makowiec-Zborowska lek. med. spec. kardiolog, spec. chor\u00f3b wewn\u0119trznych Um\u00f3w wizyt\u0119 &#8211; Jastrz\u0119bie-Zdr\u00f3j porady [&hellip;]<\/p>\n","protected":false},"author":1,"featured_media":0,"parent":0,"menu_order":0,"comment_status":"closed","ping_status":"closed","template":"","meta":{"footnotes":""},"_links":{"self":[{"href":"https:\/\/medicus99.pl\/index.php\/wp-json\/wp\/v2\/pages\/230"}],"collection":[{"href":"https:\/\/medicus99.pl\/index.php\/wp-json\/wp\/v2\/pages"}],"about":[{"href":"https:\/\/medicus99.pl\/index.php\/wp-json\/wp\/v2\/types\/page"}],"author":[{"embeddable":true,"href":"https:\/\/medicus99.pl\/index.php\/wp-json\/wp\/v2\/users\/1"}],"replies":[{"embeddable":true,"href":"https:\/\/medicus99.pl\/index.php\/wp-json\/wp\/v2\/comments?post=230"}],"version-history":[{"count":49,"href":"https:\/\/medicus99.pl\/index.php\/wp-json\/wp\/v2\/pages\/230\/revisions"}],"predecessor-version":[{"id":2525,"href":"https:\/\/medicus99.pl\/index.php\/wp-json\/wp\/v2\/pages\/230\/revisions\/2525"}],"wp:attachment":[{"href":"https:\/\/medicus99.pl\/index.php\/wp-json\/wp\/v2\/media?parent=230"}],"curies":[{"name":"wp","href":"https:\/\/api.w.org\/{rel}","templated":true}]}}